{"id":30,"date":"2023-05-04T00:26:57","date_gmt":"2023-05-03T22:26:57","guid":{"rendered":"http:\/\/www.aces-partners.fr\/?page_id=30"},"modified":"2023-05-11T00:39:21","modified_gmt":"2023-05-10T22:39:21","slug":"politique-de-confidentialite-2","status":"publish","type":"page","link":"https:\/\/www.aces-partners.fr\/index.php\/politique-de-confidentialite-2\/","title":{"rendered":"Mentions l\u00e9gales"},"content":{"rendered":"\n<p class=\"\"><\/p>\n\n\n\n<h2 class=\"wp-block-heading\">\u00c9DITEUR<\/h2>\n\n\n\n<p class=\"\">ACES Partners<br>Capital\u00a0: 14 400 \u20ac<br>RCS Tours\u00a0: 479150047<br>6 Grande Rue \u2013 37 800 Saint-Epain<br>T\u00e9l\u00e9phone : 02 47 75 15 18<br>Directeur de la publication : Jean-Damien Lemettre<\/p>\n\n\n\n<h2 class=\"wp-block-heading\">H\u00c9BERGEUR<\/h2>\n\n\n\n<p class=\"\">Le site&nbsp;<a href=\"http:\/\/www.mondomaine.com\/\">www.<\/a>aces-partners.fr&nbsp;est h\u00e9berg\u00e9 chez OVH.<br>2 rue Kellermann<br>59 100 Roubaix<\/p>\n\n\n\n<h2 class=\"wp-block-heading\">PROPRI\u00c9T\u00c9 INTELLECTUELLE<\/h2>\n\n\n\n<p class=\"\">Le pr\u00e9sent site constitue une \u0153uvre dont ACES Partners est l\u2019auteur au sens des articles L. 111.1 et suivants du Code de la propri\u00e9t\u00e9 intellectuelle.<\/p>\n\n\n\n<p class=\"\">Les photographies, textes, slogans, dessins, images, s\u00e9quences anim\u00e9es sonores ou non ainsi que toutes \u0153uvres int\u00e9gr\u00e9es dans le site sont la propri\u00e9t\u00e9 de Lonsdale ou de tiers ayant autoris\u00e9 Lonsdale \u00e0 les utiliser. L\u2019utilisation de ces images ou photographies est interdite sans autorisation sp\u00e9cifique et expresse de Lonsdale ou du tiers d\u00e9tenteur des droits.<\/p>\n\n\n\n<p class=\"\">Les logos, marques, produits repr\u00e9sent\u00e9s sur le pr\u00e9sent site sont prot\u00e9g\u00e9s . Aucun droit ou licence ne saurait \u00eatre attribu\u00e9 sur l\u2019un de ces \u00e9l\u00e9ments sans l\u2019autorisation \u00e9crite d&rsquo;ACES Partners ou du tiers d\u00e9tenteur des droits.<\/p>\n\n\n\n<p class=\"\">Toute reproduction, repr\u00e9sentation, utilisation ou modification, par quelque proc\u00e9d\u00e9 que ce soit et sur quelque support que ce soit, de tout ou partie du site, de tout ou partie des diff\u00e9rentes \u0153uvres\/\u00e9l\u00e9ments qui le composent, sans avoir obtenu l\u2019autorisation pr\u00e9alable de Lonsdale est strictement interdite.<\/p>\n\n\n\n<p class=\"\">ACES Partners se r\u00e9serve le droit de poursuivre tout acte de contrefa\u00e7on de ses droits de propri\u00e9t\u00e9 intellectuelle, y compris dans le cadre d\u2019une action p\u00e9nale.<\/p>\n\n\n\n<h2 class=\"wp-block-heading\">RESPONSABILIT\u00c9<\/h2>\n\n\n\n<p class=\"\">Bien que s\u2019effor\u00e7ant raisonnablement de mettre \u00e0 jour les informations pr\u00e9cises publi\u00e9es sur le site, ACES Partners ne saurait \u00eatre tenue pour responsable de toute erreur ou omission.<\/p>\n\n\n\n<p class=\"\">ACES Partners ne saurait \u00e9galement \u00eatre responsable des dommages directs ou indirects qui pourraient r\u00e9sulter de l\u2019acc\u00e8s ou de l\u2019utilisation du site, y compris de l\u2019inaccessibilit\u00e9, des pertes de donn\u00e9es, d\u00e9t\u00e9riorations, destructions ou virus qui pourraient affecter l\u2019\u00e9quipement informatique de l\u2019utilisateur.<\/p>\n\n\n\n<h2 class=\"wp-block-heading\">LIENS HYPERTEXTES<\/h2>\n\n\n\n<p class=\"\">ACES Partners propose des liens depuis son site vers d\u2019autres sites ind\u00e9pendants.<br>ACES Partners ne saurait \u00eatre responsable du contenu de ces autres sites, ni de la politique de gestion des donn\u00e9es personnelles de ces autres sites.<\/p>\n\n\n\n<p class=\"\">Les personnes qui souhaiteraient mettre en place un lien hypertexte en direction du site en feront la demande pr\u00e9alable \u00e0 ACES Partners. Tout lien hypertexte en direction du site mis en place sans cet accord est interdit.<\/p>\n\n\n\n<h2 class=\"wp-block-heading\">RESPECT DE LA PROTECTION DES DONN\u00c9ES \u00c0 CARACT\u00c8RE PERSONNEL<\/h2>\n\n\n\n<p class=\"\">Les traitements de donn\u00e9es \u00e0 caract\u00e8re personnel r\u00e9alis\u00e9s par Lonsdale sont effectu\u00e9s conform\u00e9ment aux dispositions du R\u00e8glement G\u00e9n\u00e9ral sur la Protection des Donn\u00e9es (R\u00e8glement 2016\/679 du Parlement europ\u00e9en et du Conseil du 27 avril 2016 entr\u00e9 en application le 25 mai 2018) et des dispositions de la Loi n\u00b02018-493 du 20 Juin 2018 relative \u00e0 la protection des donn\u00e9es personnelles.<\/p>\n\n\n\n<p class=\"\">Les informations collect\u00e9es font l\u2019objet de traitements ayant pour finalit\u00e9 la gestion administrative, commerciale, l\u2019am\u00e9lioration de l\u2019exp\u00e9rience utilisateur, le suivi de l\u2019audience et l\u2019optimisation de nos campagnes publicitaires.<\/p>\n\n\n\n<p class=\"\">ACES Partners en tant que Responsable de traitement ainsi que ses partenaires et prestataires sont destinataires de ces donn\u00e9es.<\/p>\n\n\n\n<p class=\"\">Celles-ci sont conserv\u00e9es le temps n\u00e9cessaire pour r\u00e9pondre \u00e0 ces finalit\u00e9s. Dans le cas o\u00f9 vous avez consenti \u00e0 recevoir des offres concernant des produits et\/ou services de ACES Partners, vos coordonn\u00e9es seront conserv\u00e9es pendant 3 ans si vous ne r\u00e9pondez \u00e0 aucune sollicitation.<\/p>\n\n\n\n<p class=\"\">Les donn\u00e9es personnelles recueillies dans le cadre des services propos\u00e9s sur le Site&nbsp;sont trait\u00e9es selon des&nbsp;protocoles s\u00e9curis\u00e9s (protocole https). En tant qu\u2019utilisateur vous disposez d\u2019un droit d\u2019acc\u00e8s, de rectification, d\u2019effacement, de portabilit\u00e9 sur vos donn\u00e9es. Vous pouvez choisir d\u2019en limiter l\u2019usage ou d\u00e9finir les directives relatives au sort de vos donn\u00e9es apr\u00e8s votre d\u00e9c\u00e8s. Vous pouvez \u00e9galement vous opposer au traitement de vos donn\u00e9es le cas \u00e9ch\u00e9ant.<\/p>\n\n\n\n<p class=\"\">Pour exercer vos droits, vous pouvez \u00e9crire au d\u00e9l\u00e9gu\u00e9 \u00e0 la protection des donn\u00e9es par email \u00e0&nbsp;contact@aces-partners.fr&nbsp;ou par courrier \u00e0:<\/p>\n\n\n\n<p class=\"\">ACES Partners<br>6 Grande Rue<br>37800 Saint-Epain<\/p>\n\n\n\n<p class=\"\">Afin d\u2019acc\u00e9der \u00e0 votre demande, ACES Partners pourra vous demander de fournir une copie de votre titre d\u2019identit\u00e9 (en cours de validit\u00e9).<\/p>\n\n\n\n<p class=\"\">En cas de r\u00e9clamation relative \u00e0 vos donn\u00e9es \u00e0 caract\u00e8re personnel, il vous est possible de saisir la CNIL&nbsp;<a href=\"http:\/\/www.cnil.fr\/\">www.cnil.fr<\/a>&nbsp;;&nbsp;<a href=\"https:\/\/www.google.com\/maps\/place\/3+Place+de+Fontenoy,+75007+Paris\/@48.8506511,2.3051389,17z\/data=!3m1!4b1!4m5!3m4!1s0x47e670244a86f59b:0x540dbabea92c9952!8m2!3d48.8506511!4d2.3073276\">3 Place de Fontenoy<\/a>&nbsp;\u2013 TSA 80715 \u2013 75334 PARIS CEDEX 07.<\/p>\n\n\n\n<h2 class=\"wp-block-heading\">GESTION DES COOKIES<\/h2>\n\n\n\n<p class=\"\">Nous utilisons diff\u00e9rents cookies sur le site pour am\u00e9liorer l\u2019interactivit\u00e9 du Site et&nbsp;nos services.<\/p>\n\n\n\n<p class=\"\">Qu\u2019est-ce qu\u2019un \u00ab&nbsp;cookie&nbsp;\u00bb ?<\/p>\n\n\n\n<p class=\"\">Un \u00ab&nbsp;cookie&nbsp;\u00bb est une suite d\u2019informations qui peut \u00eatre transmis \u00e0 votre navigateur par un site web sur lequel vous vous connectez. Votre navigateur web le conservera pendant une certaine dur\u00e9e, et le renverra au serveur web chaque fois que vous vous y re-connecterez. Les&nbsp;cookies&nbsp;ont de multiples usages : ils peuvent servir \u00e0 m\u00e9moriser votre identifiant client aupr\u00e8s d\u2019un site marchand, le contenu courant de votre panier d\u2019achat, un identifiant permettant de tracer votre navigation pour des finalit\u00e9s statistiques ou publicitaires,&nbsp;etc.<\/p>\n\n\n\n<p class=\"\">Trois types de cookies sont d\u00e9pos\u00e9s via notre site :<\/p>\n\n\n\n<p class=\"\"><em>Cookies internes n\u00e9cessaires au site pour fonctionner<\/em><\/p>\n\n\n\n<p class=\"\">Ces cookies permettent au site de fonctionner de mani\u00e8re optimale. Vous pouvez vous y opposer et les supprimer en utilisant les param\u00e8tres de votre navigateur, cependant votre exp\u00e9rience utilisateur risque d\u2019\u00eatre d\u00e9grad\u00e9e.<\/p>\n\n\n\n<p class=\"\"><em>Cookies de mesure d\u2019audience<\/em><\/p>\n\n\n\n<p class=\"\">En vue d\u2019adapter le site aux demandes de ses visiteurs, nous mesurons&nbsp;le nombre de visites, le nombre de pages vues ainsi que l\u2019activit\u00e9 des visiteurs sur le site et leur fr\u00e9quence de retour.<\/p>\n\n\n\n<p class=\"\">Nous collectons \u00e9galement votre adresse IP, afin de d\u00e9terminer la ville depuis laquelle vous vous connectez.<\/p>\n\n\n\n<p class=\"\">Les donn\u00e9es personnelles recueillies (identifiant du cookie) sont conserv\u00e9es pour une dur\u00e9e de 13 mois.Elles ne sont pas c\u00e9d\u00e9es \u00e0 des tiers ni utilis\u00e9es \u00e0 d\u2019autres fins.Vous pouvez choisir de refuser les cookies et l\u2019analyse statistique de vos donn\u00e9es de navigation.<\/p>\n\n\n\n<p class=\"\"><em>Cookies tiers destin\u00e9s \u00e0 am\u00e9liorer l\u2019interactivit\u00e9 du site.<\/em><\/p>\n\n\n\n<p class=\"\">Le Site s\u2019appuie sur certains services propos\u00e9s par des sites tiers afin de vous proposer des fonctionnalit\u00e9s. <\/p>\n\n\n\n<h2 class=\"wp-block-heading\">R\u00c9ALISATION<\/h2>\n\n\n\n<p class=\"\">Les r\u00e9alisations, d\u00e9veloppements et graphismes ont \u00e9t\u00e9 r\u00e9alis\u00e9s par ACES Partners.<\/p>\n\n\n\n<p class=\"\"><\/p>\n","protected":false},"excerpt":{"rendered":"<p>\u00c9DITEUR ACES PartnersCapital\u00a0: 14 400 \u20acRCS Tours\u00a0: 4791500476 Grande Rue \u2013 37 800 Saint-EpainT\u00e9l\u00e9phone : 02 47 75 15 18Directeur de la publication : Jean-Damien Lemettre H\u00c9BERGEUR Le site&nbsp;www.aces-partners.fr&nbsp;est h\u00e9berg\u00e9 chez OVH.2 rue Kellermann59 100 Roubaix PROPRI\u00c9T\u00c9 INTELLECTUELLE Le pr\u00e9sent site constitue une \u0153uvre dont ACES Partners est l\u2019auteur au sens des articles L. 111.1 [&hellip;]<\/p>\n","protected":false},"author":1,"featured_media":0,"parent":0,"menu_order":0,"comment_status":"closed","ping_status":"closed","template":"","meta":{"_advanced_animation_props":"{\"animations\":{\"fade-in\":{\"id\":\"fade-in\",\"name\":\"fade in\",\"keyframes\":{\"0%\":{\"transform\":{},\"opacity\":\"0%\"},\"100%\":{\"transform\":{},\"opacity\":\"100%\"}}},\"fade-in-left\":{\"id\":\"fade-in-left\",\"name\":\"fade in left\",\"keyframes\":{\"0%\":{\"transform\":{\"translateX\":\"50px\"},\"opacity\":\"0%\"},\"100%\":{\"transform\":{\"translateX\":\"0px\"},\"opacity\":\"100%\"}}},\"fade-in-right\":{\"id\":\"fade-in-right\",\"name\":\"fade in right\",\"keyframes\":{\"0%\":{\"transform\":{\"translateX\":\"-50px\"},\"opacity\":\"0%\"},\"100%\":{\"transform\":{\"translateX\":\"0px\"},\"opacity\":\"100%\"}}},\"fade-in-top\":{\"id\":\"fade-in-top\",\"name\":\"fade in top\",\"keyframes\":{\"0%\":{\"transform\":{\"translateY\":\"50px\"},\"opacity\":\"0%\"},\"100%\":{\"transform\":{\"translateY\":\"0px\"},\"opacity\":\"100%\"}}},\"fade-in-down\":{\"id\":\"fade-in-down\",\"name\":\"fade in down\",\"keyframes\":{\"0%\":{\"transform\":{\"translateY\":\"-50px\"},\"opacity\":\"0%\"},\"100%\":{\"transform\":{\"translateY\":\"0px\"},\"opacity\":\"100%\"}}},\"zoom-in\":{\"id\":\"zoom-in\",\"name\":\"zoom in\",\"keyframes\":{\"0%\":{\"transform\":{\"scale\":\"70%\"},\"opacity\":\"0%\"},\"100%\":{\"transform\":{\"scale\":\"100%\"},\"opacity\":\"100%\"}}},\"zoom-out\":{\"id\":\"zoom-out\",\"name\":\"zoom out\",\"keyframes\":{\"0%\":{\"transform\":{\"scale\":\"130%\"},\"opacity\":\"0%\"},\"100%\":{\"transform\":{\"scale\":\"100%\"},\"opacity\":\"100%\"}}},\"scale-up\":{\"id\":\"scale-up\",\"name\":\"scale up\",\"keyframes\":{\"0%\":{\"transform\":{\"scale\":\"100%\"}},\"100%\":{\"transform\":{\"scale\":\"120%\"}}}},\"scale-down\":{\"id\":\"scale-down\",\"name\":\"scale down\",\"keyframes\":{\"0%\":{\"transform\":{\"scale\":\"100%\"}},\"100%\":{\"transform\":{\"scale\":\"80%\"}}}},\"clip-from-left\":{\"id\":\"clip-from-left\",\"name\":\"reveal from left\",\"keyframes\":{\"0%\":{\"clip-path\":\"inset(0% 100% 0% 0%)\"},\"100%\":{\"clip-path\":\"inset(0% 0% 0% 0%)\"}}},\"clip-from-right\":{\"id\":\"clip-from-right\",\"name\":\"reveal from right\",\"keyframes\":{\"0%\":{\"clip-path\":\"inset(0% 0% 0% 100%)\"},\"100%\":{\"clip-path\":\"inset(0% 0% 0% 0%)\"}}},\"clip-from-top\":{\"id\":\"clip-from-top\",\"name\":\"reveal from top\",\"keyframes\":{\"0%\":{\"clip-path\":\"inset(0% 0% 100% 0%)\"},\"100%\":{\"clip-path\":\"inset(0% 0% 0% 0%)\"}}},\"clip-from-bottom\":{\"id\":\"clip-from-bottom\",\"name\":\"reveal from bottom\",\"keyframes\":{\"0%\":{\"clip-path\":\"inset(100% 0% 0% 0%)\"},\"100%\":{\"clip-path\":\"inset(0% 0% 0% 0%)\"}}},\"text-rotate-intro\":{\"id\":\"text-rotate-intro\",\"name\":\"text rotate intro\",\"keyframes\":{\"0%\":{\"transform\":{\"rotate\":\"-10deg\",\"rotateX\":\"75deg\",\"rotateY\":\"0deg\"},\"opacity\":\"0%\"},\"100%\":{\"transform\":{\"rotate\":\"0deg\",\"rotateX\":\"0deg\",\"rotateY\":\"0deg\"},\"opacity\":\"100%\"}}},\"zoom-rotate\":{\"id\":\"zoom-rotate\",\"name\":\"zoom rotate\",\"keyframes\":{\"0%\":{\"transform\":{\"rotate\":\"180deg\",\"scale\":\"50%\"},\"opacity\":\"0%\"},\"100%\":{\"transform\":{\"rotate\":\"0deg\",\"scale\":\"100%\"},\"opacity\":\"100%\"}}},\"move-up\":{\"id\":\"move-up\",\"name\":\"move up\",\"keyframes\":{\"0%\":{\"transform\":{\"translateY\":\"100%\"}},\"100%\":{\"transform\":{\"translateY\":\"0%\"}}}},\"move-down\":{\"id\":\"move-down\",\"name\":\"move down\",\"keyframes\":{\"0%\":{\"transform\":{\"translateY\":\"-100-%\"}},\"100%\":{\"transform\":{\"translateY\":\"0%\"}}}},\"video-app-intro\":{\"id\":\"video-app-intro\",\"name\":\"video app intro\",\"keyframes\":{\"0%\":{\"transform\":{\"translateX\":\"-300px\",\"scale\":\"300%\",\"rotate\":\"90deg\"}},\"50%\":{\"transform\":{\"translateX\":\"-300px\",\"scale\":\"100%\",\"rotate\":\"0deg\"}},\"100%\":{\"transform\":{\"translateX\":\"0px\",\"scale\":\"100%\",\"rotate\":\"0deg\"}}}}},\"settings\":{}}","_moveable":"{}","_advanced_block_media_mapping":[],"footnotes":""},"class_list":["post-30","page","type-page","status-publish"],"_links":{"self":[{"href":"https:\/\/www.aces-partners.fr\/index.php\/wp-json\/wp\/v2\/pages\/30","targetHints":{"allow":["GET"]}}],"collection":[{"href":"https:\/\/www.aces-partners.fr\/index.php\/wp-json\/wp\/v2\/pages"}],"about":[{"href":"https:\/\/www.aces-partners.fr\/index.php\/wp-json\/wp\/v2\/types\/page"}],"author":[{"embeddable":true,"href":"https:\/\/www.aces-partners.fr\/index.php\/wp-json\/wp\/v2\/users\/1"}],"replies":[{"embeddable":true,"href":"https:\/\/www.aces-partners.fr\/index.php\/wp-json\/wp\/v2\/comments?post=30"}],"version-history":[{"count":5,"href":"https:\/\/www.aces-partners.fr\/index.php\/wp-json\/wp\/v2\/pages\/30\/revisions"}],"predecessor-version":[{"id":583,"href":"https:\/\/www.aces-partners.fr\/index.php\/wp-json\/wp\/v2\/pages\/30\/revisions\/583"}],"wp:attachment":[{"href":"https:\/\/www.aces-partners.fr\/index.php\/wp-json\/wp\/v2\/media?parent=30"}],"curies":[{"name":"wp","href":"https:\/\/api.w.org\/{rel}","templated":true}]}}